{"id":2,"date":"2024-02-20T15:28:35","date_gmt":"2024-02-20T15:28:35","guid":{"rendered":"https:\/\/toundritech.wpenginepowered.com\/?page_id=2"},"modified":"2024-09-20T15:24:13","modified_gmt":"2024-09-20T15:24:13","slug":"sample-page","status":"publish","type":"page","link":"https:\/\/www.toundritech.com\/","title":{"rendered":"Accueil"},"content":{"rendered":"\t\t<div data-elementor-type=\"wp-page\" data-elementor-id=\"2\" class=\"elementor elementor-2\" data-elementor-post-type=\"page\">\n\t\t\t\t<div class=\"elementor-element elementor-element-bdb0b18 e-flex e-con-boxed e-con e-parent\" data-id=\"bdb0b18\" data-element_type=\"container\" data-settings=\"{&quot;background_background&quot;:&quot;classic&quot;}\">\n\t\t\t\t\t<div class=\"e-con-inner\">\n\t\t<div class=\"elementor-element elementor-element-2455b6a e-con-full e-flex e-con e-child\" data-id=\"2455b6a\" data-element_type=\"container\">\n\t\t\t\t<div class=\"elementor-element elementor-element-762c3c5 elementor-widget elementor-widget-heading\" data-id=\"762c3c5\" data-element_type=\"widget\" data-widget_type=\"heading.default\">\n\t\t\t\t<div class=\"elementor-widget-container\">\n\t\t\t<h2 class=\"elementor-heading-title elementor-size-default\">D\u00e9velopp\u00e9 par un DMC pour les DMCs<\/h2>\t\t<\/div>\n\t\t\t\t<\/div>\n\t\t\t\t<div class=\"elementor-element elementor-element-bffea1a elementor-widget elementor-widget-heading\" data-id=\"bffea1a\" data-element_type=\"widget\" data-widget_type=\"heading.default\">\n\t\t\t\t<div class=\"elementor-widget-container\">\n\t\t\t<h2 class=\"elementor-heading-title elementor-size-default\">Big Bro, la solution tout-en-un pour la gestion de vos voyages<\/h2>\t\t<\/div>\n\t\t\t\t<\/div>\n\t\t<div class=\"elementor-element elementor-element-9416e2e e-con-full e-flex e-con e-child\" data-id=\"9416e2e\" data-element_type=\"container\">\n\t\t\t\t<div class=\"elementor-element elementor-element-6795470 elementor-widget elementor-widget-button\" data-id=\"6795470\" data-element_type=\"widget\" data-widget_type=\"button.default\">\n\t\t\t\t<div class=\"elementor-widget-container\">\n\t\t\t\t\t<div class=\"elementor-button-wrapper\">\n\t\t\t<a class=\"elementor-button elementor-button-link elementor-size-sm\" href=\"https:\/\/www.toundritech.com\/?page_id=21\">\n\t\t\t\t\t\t<span class=\"elementor-button-content-wrapper\">\n\t\t\t\t\t\t\t\t\t<span class=\"elementor-button-text\">Demander une d\u00e9mo<\/span>\n\t\t\t\t\t<\/span>\n\t\t\t\t\t<\/a>\n\t\t<\/div>\n\t\t\t\t<\/div>\n\t\t\t\t<\/div>\n\t\t\t\t<div class=\"elementor-element elementor-element-6ec3944 elementor-widget elementor-widget-button\" data-id=\"6ec3944\" data-element_type=\"widget\" data-widget_type=\"button.default\">\n\t\t\t\t<div class=\"elementor-widget-container\">\n\t\t\t\t\t<div class=\"elementor-button-wrapper\">\n\t\t\t<a class=\"elementor-button elementor-button-link elementor-size-sm\" href=\"https:\/\/www.toundritech.com\/?page_id=23\">\n\t\t\t\t\t\t<span class=\"elementor-button-content-wrapper\">\n\t\t\t\t\t\t\t\t\t<span class=\"elementor-button-text\">pr\u00e9sentation de big bro<\/span>\n\t\t\t\t\t<\/span>\n\t\t\t\t\t<\/a>\n\t\t<\/div>\n\t\t\t\t<\/div>\n\t\t\t\t<\/div>\n\t\t\t\t<\/div>\n\t\t\t\t<\/div>\n\t\t\t\t\t<\/div>\n\t\t\t\t<\/div>\n\t\t<div class=\"elementor-element elementor-element-480ba85 e-flex e-con-boxed e-con e-parent\" data-id=\"480ba85\" data-element_type=\"container\" data-settings=\"{&quot;background_background&quot;:&quot;classic&quot;}\">\n\t\t\t\t\t<div class=\"e-con-inner\">\n\t\t<div class=\"elementor-element elementor-element-d4e5dda e-con-full e-flex e-con e-child\" data-id=\"d4e5dda\" data-element_type=\"container\">\n\t\t\t\t<div class=\"elementor-element elementor-element-878b8e3 elementor-widget elementor-widget-heading\" data-id=\"878b8e3\" data-element_type=\"widget\" data-widget_type=\"heading.default\">\n\t\t\t\t<div class=\"elementor-widget-container\">\n\t\t\t<h2 class=\"elementor-heading-title elementor-size-default\">Comment Big Bro optimise la gestion de vos ventes ?<\/h2>\t\t<\/div>\n\t\t\t\t<\/div>\n\t\t\t\t<div class=\"elementor-element elementor-element-84600ba elementor-widget elementor-widget-text-editor\" data-id=\"84600ba\" data-element_type=\"widget\" data-widget_type=\"text-editor.default\">\n\t\t\t\t<div class=\"elementor-widget-container\">\n\t\t\t\t\t\t\t<div class=\"flex max-w-full flex-col flex-grow\"><div class=\"min-h-[20px] text-message flex w-full flex-col items-end gap-2 whitespace-normal break-words [.text-message+&amp;]:mt-5\" dir=\"auto\" data-message-author-role=\"assistant\" data-message-id=\"86e27c11-4730-43ee-897d-58122dba264a\"><div class=\"flex w-full flex-col gap-1 empty:hidden first:pt-[3px]\"><div class=\"markdown prose w-full break-words dark:prose-invert dark\"><p>G\u00e9rer la tarification et les op\u00e9rations depuis <strong>une seule interface<\/strong> est essentiel pour atteindre un niveau sup\u00e9rieur de revenus. Big Bro permet de <strong>centraliser les informations cl\u00e9s et automatiser les processus<\/strong> pour une rentabilit\u00e9 in\u00e9gal\u00e9e.<\/p><\/div><\/div><\/div><\/div>\t\t\t\t\t\t<\/div>\n\t\t\t\t<\/div>\n\t\t\t\t<\/div>\n\t\t\t\t\t<\/div>\n\t\t\t\t<\/div>\n\t\t<div class=\"elementor-element elementor-element-72c561b e-flex e-con-boxed e-con e-parent\" data-id=\"72c561b\" data-element_type=\"container\" data-settings=\"{&quot;background_background&quot;:&quot;classic&quot;}\">\n\t\t\t\t\t<div class=\"e-con-inner\">\n\t\t<div class=\"elementor-element elementor-element-460ae0f e-con-full e-flex e-con e-child\" data-id=\"460ae0f\" data-element_type=\"container\" data-settings=\"{&quot;background_background&quot;:&quot;classic&quot;}\">\n\t\t\t\t<div class=\"elementor-element elementor-element-cd373cb elementor-view-default elementor-position-top elementor-mobile-position-top elementor-widget elementor-widget-icon-box\" data-id=\"cd373cb\" data-element_type=\"widget\" data-widget_type=\"icon-box.default\">\n\t\t\t\t<div class=\"elementor-widget-container\">\n\t\t\t\t\t<div class=\"elementor-icon-box-wrapper\">\n\n\t\t\t\t\t\t<div class=\"elementor-icon-box-icon\">\n\t\t\t\t<span  class=\"elementor-icon elementor-animation-\">\n\t\t\t\t<svg aria-hidden=\"true\" class=\"e-font-icon-svg e-fas-star\" viewBox=\"0 0 576 512\" xmlns=\"http:\/\/www.w3.org\/2000\/svg\"><path d=\"M259.3 17.8L194 150.2 47.9 171.5c-26.2 3.8-36.7 36.1-17.7 54.6l105.7 103-25 145.5c-4.5 26.3 23.2 46 46.4 33.7L288 439.6l130.7 68.7c23.2 12.2 50.9-7.4 46.4-33.7l-25-145.5 105.7-103c19-18.5 8.5-50.8-17.7-54.6L382 150.2 316.7 17.8c-11.7-23.6-45.6-23.9-57.4 0z\"><\/path><\/svg>\t\t\t\t<\/span>\n\t\t\t<\/div>\n\t\t\t\n\t\t\t\t\t\t<div class=\"elementor-icon-box-content\">\n\n\t\t\t\t\t\t\t\t\t<h3 class=\"elementor-icon-box-title\">\n\t\t\t\t\t\t<span  >\n\t\t\t\t\t\t\tCr\u00e9e par un DMC\t\t\t\t\t\t<\/span>\n\t\t\t\t\t<\/h3>\n\t\t\t\t\n\t\t\t\t\t\t\t\t\t<p class=\"elementor-icon-box-description\">\n\t\t\t\t\t\tPens\u00e9 par un DMC habitu\u00e9 \u00e0 la gestion de s\u00e9jours FIT \u00e0 haut volume, Big Bro est con\u00e7u pour r\u00e9pondre aux d\u00e9fis sp\u00e9cifiques des agences r\u00e9ceptives, pour optimiser chaque \u00e9tape de vos op\u00e9rations\n\n\t\t\t\t\t<\/p>\n\t\t\t\t\n\t\t\t<\/div>\n\t\t\t\n\t\t<\/div>\n\t\t\t\t<\/div>\n\t\t\t\t<\/div>\n\t\t\t\t<\/div>\n\t\t<div class=\"elementor-element elementor-element-a45310f e-con-full e-flex e-con e-child\" data-id=\"a45310f\" data-element_type=\"container\" data-settings=\"{&quot;background_background&quot;:&quot;classic&quot;}\">\n\t\t\t\t<div class=\"elementor-element elementor-element-649dcb0 elementor-view-default elementor-position-top elementor-mobile-position-top elementor-widget elementor-widget-icon-box\" data-id=\"649dcb0\" data-element_type=\"widget\" data-widget_type=\"icon-box.default\">\n\t\t\t\t<div class=\"elementor-widget-container\">\n\t\t\t\t\t<div class=\"elementor-icon-box-wrapper\">\n\n\t\t\t\t\t\t<div class=\"elementor-icon-box-icon\">\n\t\t\t\t<span  class=\"elementor-icon elementor-animation-\">\n\t\t\t\t<svg aria-hidden=\"true\" class=\"e-font-icon-svg e-fas-file-invoice-dollar\" viewBox=\"0 0 384 512\" xmlns=\"http:\/\/www.w3.org\/2000\/svg\"><path d=\"M377 105L279.1 7c-4.5-4.5-10.6-7-17-7H256v128h128v-6.1c0-6.3-2.5-12.4-7-16.9zm-153 31V0H24C10.7 0 0 10.7 0 24v464c0 13.3 10.7 24 24 24h336c13.3 0 24-10.7 24-24V160H248c-13.2 0-24-10.8-24-24zM64 72c0-4.42 3.58-8 8-8h80c4.42 0 8 3.58 8 8v16c0 4.42-3.58 8-8 8H72c-4.42 0-8-3.58-8-8V72zm0 80v-16c0-4.42 3.58-8 8-8h80c4.42 0 8 3.58 8 8v16c0 4.42-3.58 8-8 8H72c-4.42 0-8-3.58-8-8zm144 263.88V440c0 4.42-3.58 8-8 8h-16c-4.42 0-8-3.58-8-8v-24.29c-11.29-.58-22.27-4.52-31.37-11.35-3.9-2.93-4.1-8.77-.57-12.14l11.75-11.21c2.77-2.64 6.89-2.76 10.13-.73 3.87 2.42 8.26 3.72 12.82 3.72h28.11c6.5 0 11.8-5.92 11.8-13.19 0-5.95-3.61-11.19-8.77-12.73l-45-13.5c-18.59-5.58-31.58-23.42-31.58-43.39 0-24.52 19.05-44.44 42.67-45.07V232c0-4.42 3.58-8 8-8h16c4.42 0 8 3.58 8 8v24.29c11.29.58 22.27 4.51 31.37 11.35 3.9 2.93 4.1 8.77.57 12.14l-11.75 11.21c-2.77 2.64-6.89 2.76-10.13.73-3.87-2.43-8.26-3.72-12.82-3.72h-28.11c-6.5 0-11.8 5.92-11.8 13.19 0 5.95 3.61 11.19 8.77 12.73l45 13.5c18.59 5.58 31.58 23.42 31.58 43.39 0 24.53-19.05 44.44-42.67 45.07z\"><\/path><\/svg>\t\t\t\t<\/span>\n\t\t\t<\/div>\n\t\t\t\n\t\t\t\t\t\t<div class=\"elementor-icon-box-content\">\n\n\t\t\t\t\t\t\t\t\t<h3 class=\"elementor-icon-box-title\">\n\t\t\t\t\t\t<span  >\n\t\t\t\t\t\t\tTarifications\t\t\t\t\t\t<\/span>\n\t\t\t\t\t<\/h3>\n\t\t\t\t\n\t\t\t\t\t\t\t\t\t<p class=\"elementor-icon-box-description\">\n\t\t\t\t\t\tDes devis 100% sur-mesure en un temps record ! Am\u00e9liorez votre r\u00e9activit\u00e9 et g\u00e9rez un grand nombre de dossiers par jour, tout en assurant clart\u00e9 et efficacit\u00e9 \u00e0 chaque \u00e9tape. Un gain de temps et une fluidit\u00e9 sans \u00e9gal !\t\t\t\t\t<\/p>\n\t\t\t\t\n\t\t\t<\/div>\n\t\t\t\n\t\t<\/div>\n\t\t\t\t<\/div>\n\t\t\t\t<\/div>\n\t\t\t\t<\/div>\n\t\t<div class=\"elementor-element elementor-element-08c0807 e-con-full e-flex e-con e-child\" data-id=\"08c0807\" data-element_type=\"container\" data-settings=\"{&quot;background_background&quot;:&quot;classic&quot;}\">\n\t\t\t\t<div class=\"elementor-element elementor-element-c7d6bde elementor-view-default elementor-position-top elementor-mobile-position-top elementor-widget elementor-widget-icon-box\" data-id=\"c7d6bde\" data-element_type=\"widget\" data-widget_type=\"icon-box.default\">\n\t\t\t\t<div class=\"elementor-widget-container\">\n\t\t\t\t\t<div class=\"elementor-icon-box-wrapper\">\n\n\t\t\t\t\t\t<div class=\"elementor-icon-box-icon\">\n\t\t\t\t<span  class=\"elementor-icon elementor-animation-\">\n\t\t\t\t<svg aria-hidden=\"true\" class=\"e-font-icon-svg e-fas-exchange-alt\" viewBox=\"0 0 512 512\" xmlns=\"http:\/\/www.w3.org\/2000\/svg\"><path d=\"M0 168v-16c0-13.255 10.745-24 24-24h360V80c0-21.367 25.899-32.042 40.971-16.971l80 80c9.372 9.373 9.372 24.569 0 33.941l-80 80C409.956 271.982 384 261.456 384 240v-48H24c-13.255 0-24-10.745-24-24zm488 152H128v-48c0-21.314-25.862-32.08-40.971-16.971l-80 80c-9.372 9.373-9.372 24.569 0 33.941l80 80C102.057 463.997 128 453.437 128 432v-48h360c13.255 0 24-10.745 24-24v-16c0-13.255-10.745-24-24-24z\"><\/path><\/svg>\t\t\t\t<\/span>\n\t\t\t<\/div>\n\t\t\t\n\t\t\t\t\t\t<div class=\"elementor-icon-box-content\">\n\n\t\t\t\t\t\t\t\t\t<h3 class=\"elementor-icon-box-title\">\n\t\t\t\t\t\t<span  >\n\t\t\t\t\t\t\tOp\u00e9rations\t\t\t\t\t\t<\/span>\n\t\t\t\t\t<\/h3>\n\t\t\t\t\n\t\t\t\t\t\t\t\t\t<p class=\"elementor-icon-box-description\">\n\t\t\t\t\t\tG\u00e9rez des milliers de r\u00e9servations sans effort suppl\u00e9mentaire. Avec une interface qui regroupe tarification et op\u00e9rations, vous optimisez vos processus et augmentez votre rentabilit\u00e9, sans surcharge pour vos \u00e9quipes\n\n\n\n\n\n\n\n\n\n\n\n\n\t\t\t\t\t<\/p>\n\t\t\t\t\n\t\t\t<\/div>\n\t\t\t\n\t\t<\/div>\n\t\t\t\t<\/div>\n\t\t\t\t<\/div>\n\t\t\t\t<\/div>\n\t\t\t\t\t<\/div>\n\t\t\t\t<\/div>\n\t\t<div class=\"elementor-element elementor-element-f709b3e e-flex e-con-boxed e-con e-parent\" data-id=\"f709b3e\" data-element_type=\"container\" data-settings=\"{&quot;background_background&quot;:&quot;classic&quot;}\">\n\t\t\t\t\t<div class=\"e-con-inner\">\n\t\t<div class=\"elementor-element elementor-element-a74d23e e-con-full e-flex e-con e-child\" data-id=\"a74d23e\" data-element_type=\"container\">\n\t\t\t\t<div class=\"elementor-element elementor-element-478842f elementor-widget elementor-widget-heading\" data-id=\"478842f\" data-element_type=\"widget\" data-widget_type=\"heading.default\">\n\t\t\t\t<div class=\"elementor-widget-container\">\n\t\t\t<h2 class=\"elementor-heading-title elementor-size-default\">Un outil tout-en-un pour votre quotidien<\/h2>\t\t<\/div>\n\t\t\t\t<\/div>\n\t\t\t\t<div class=\"elementor-element elementor-element-19c3736 elementor-widget elementor-widget-text-editor\" data-id=\"19c3736\" data-element_type=\"widget\" data-widget_type=\"text-editor.default\">\n\t\t\t\t<div class=\"elementor-widget-container\">\n\t\t\t\t\t\t\t<p>Big Bro centralise tous vos services essentiels : devis, r\u00e9servation, bons d&#8217;\u00e9change, gestion des fournisseurs, taxes et devises, et bien plus encore.\u00a0<\/p><p>Con\u00e7u pour \u00eatre intuitif, Big Bro est facile \u00e0 prendre en main par vos \u00e9quipes. Gr\u00e2ce \u00e0 son interface utilisateur conviviale, simplifiez la gestion de vos dossiers voyageurs avec une solution sur-mesure qui r\u00e9pond \u00e0 tous vos besoins.<\/p>\t\t\t\t\t\t<\/div>\n\t\t\t\t<\/div>\n\t\t\t\t<div class=\"elementor-element elementor-element-86769a5 elementor-align-left elementor-mobile-align-center elementor-widget elementor-widget-button\" data-id=\"86769a5\" data-element_type=\"widget\" data-widget_type=\"button.default\">\n\t\t\t\t<div class=\"elementor-widget-container\">\n\t\t\t\t\t<div class=\"elementor-button-wrapper\">\n\t\t\t<a class=\"elementor-button elementor-button-link elementor-size-sm\" href=\"https:\/\/www.toundritech.com\/?page_id=23\">\n\t\t\t\t\t\t<span class=\"elementor-button-content-wrapper\">\n\t\t\t\t\t\t\t\t\t<span class=\"elementor-button-text\">En savoir plus<\/span>\n\t\t\t\t\t<\/span>\n\t\t\t\t\t<\/a>\n\t\t<\/div>\n\t\t\t\t<\/div>\n\t\t\t\t<\/div>\n\t\t\t\t<\/div>\n\t\t<div class=\"elementor-element elementor-element-3ab1bcd e-con-full e-flex e-con e-child\" data-id=\"3ab1bcd\" data-element_type=\"container\">\n\t\t\t\t<div class=\"elementor-element elementor-element-fc551a2 elementor-widget elementor-widget-image\" data-id=\"fc551a2\" data-element_type=\"widget\" data-widget_type=\"image.default\">\n\t\t\t\t<div class=\"elementor-widget-container\">\n\t\t\t\t\t\t\t\t\t\t\t\t\t<img fetchpriority=\"high\" decoding=\"async\" width=\"800\" height=\"800\" src=\"https:\/\/www.toundritech.com\/wp-content\/uploads\/2024\/09\/TOUNDRITECH-Outil-tout-en-un-2-1024x1024.png\" class=\"attachment-large size-large wp-image-155\" alt=\"\" srcset=\"https:\/\/www.toundritech.com\/wp-content\/uploads\/2024\/09\/TOUNDRITECH-Outil-tout-en-un-2-1024x1024.png 1024w, https:\/\/www.toundritech.com\/wp-content\/uploads\/2024\/09\/TOUNDRITECH-Outil-tout-en-un-2-300x300.png 300w, https:\/\/www.toundritech.com\/wp-content\/uploads\/2024\/09\/TOUNDRITECH-Outil-tout-en-un-2-150x150.png 150w, https:\/\/www.toundritech.com\/wp-content\/uploads\/2024\/09\/TOUNDRITECH-Outil-tout-en-un-2-768x768.png 768w, https:\/\/www.toundritech.com\/wp-content\/uploads\/2024\/09\/TOUNDRITECH-Outil-tout-en-un-2-600x600.png 600w, https:\/\/www.toundritech.com\/wp-content\/uploads\/2024\/09\/TOUNDRITECH-Outil-tout-en-un-2.png 1080w\" sizes=\"(max-width: 800px) 100vw, 800px\" \/>\t\t\t\t\t\t\t\t\t\t\t\t\t<\/div>\n\t\t\t\t<\/div>\n\t\t\t\t<\/div>\n\t\t\t\t\t<\/div>\n\t\t\t\t<\/div>\n\t\t<div class=\"elementor-element elementor-element-f89973b e-flex e-con-boxed e-con e-parent\" data-id=\"f89973b\" data-element_type=\"container\" data-settings=\"{&quot;background_background&quot;:&quot;classic&quot;}\">\n\t\t\t\t\t<div class=\"e-con-inner\">\n\t\t<div class=\"elementor-element elementor-element-4f1ae91 e-con-full e-flex e-con e-child\" data-id=\"4f1ae91\" data-element_type=\"container\">\n\t\t\t\t<div class=\"elementor-element elementor-element-72c0939 elementor-widget elementor-widget-image\" data-id=\"72c0939\" data-element_type=\"widget\" data-widget_type=\"image.default\">\n\t\t\t\t<div class=\"elementor-widget-container\">\n\t\t\t\t\t\t\t\t\t\t\t\t\t<img decoding=\"async\" width=\"800\" height=\"800\" src=\"https:\/\/www.toundritech.com\/wp-content\/uploads\/2024\/09\/TOUNDRITECH-CONNECT-APIs-FR-1024x1024.png\" class=\"attachment-large size-large wp-image-153\" alt=\"\" srcset=\"https:\/\/www.toundritech.com\/wp-content\/uploads\/2024\/09\/TOUNDRITECH-CONNECT-APIs-FR-1024x1024.png 1024w, https:\/\/www.toundritech.com\/wp-content\/uploads\/2024\/09\/TOUNDRITECH-CONNECT-APIs-FR-300x300.png 300w, https:\/\/www.toundritech.com\/wp-content\/uploads\/2024\/09\/TOUNDRITECH-CONNECT-APIs-FR-150x150.png 150w, https:\/\/www.toundritech.com\/wp-content\/uploads\/2024\/09\/TOUNDRITECH-CONNECT-APIs-FR-768x768.png 768w, https:\/\/www.toundritech.com\/wp-content\/uploads\/2024\/09\/TOUNDRITECH-CONNECT-APIs-FR-600x600.png 600w, https:\/\/www.toundritech.com\/wp-content\/uploads\/2024\/09\/TOUNDRITECH-CONNECT-APIs-FR.png 1080w\" sizes=\"(max-width: 800px) 100vw, 800px\" \/>\t\t\t\t\t\t\t\t\t\t\t\t\t<\/div>\n\t\t\t\t<\/div>\n\t\t\t\t<\/div>\n\t\t<div class=\"elementor-element elementor-element-71486b2 e-con-full e-flex e-con e-child\" data-id=\"71486b2\" data-element_type=\"container\">\n\t\t\t\t<div class=\"elementor-element elementor-element-440e239 elementor-widget elementor-widget-heading\" data-id=\"440e239\" data-element_type=\"widget\" data-widget_type=\"heading.default\">\n\t\t\t\t<div class=\"elementor-widget-container\">\n\t\t\t<h2 class=\"elementor-heading-title elementor-size-default\">Connectivit\u00e9 et personnalisation<\/h2>\t\t<\/div>\n\t\t\t\t<\/div>\n\t\t\t\t<div class=\"elementor-element elementor-element-300f500 elementor-widget elementor-widget-text-editor\" data-id=\"300f500\" data-element_type=\"widget\" data-widget_type=\"text-editor.default\">\n\t\t\t\t<div class=\"elementor-widget-container\">\n\t\t\t\t\t\t\t<p>Big Bro se connecte \u00e0 divers syst\u00e8mes via des API, tels que des outils de r\u00e9servation en ligne et de comptabilit\u00e9. Ajustable et personnalisable, il s&#8217;adapte \u00e0 vos besoins sp\u00e9cifiques pour offrir une solution sur mesure.<\/p>\t\t\t\t\t\t<\/div>\n\t\t\t\t<\/div>\n\t\t\t\t<div class=\"elementor-element elementor-element-f79d790 elementor-align-left elementor-mobile-align-center elementor-widget elementor-widget-button\" data-id=\"f79d790\" data-element_type=\"widget\" data-widget_type=\"button.default\">\n\t\t\t\t<div class=\"elementor-widget-container\">\n\t\t\t\t\t<div class=\"elementor-button-wrapper\">\n\t\t\t<a class=\"elementor-button elementor-button-link elementor-size-sm\" href=\"https:\/\/www.toundritech.com\/?page_id=23\">\n\t\t\t\t\t\t<span class=\"elementor-button-content-wrapper\">\n\t\t\t\t\t\t\t\t\t<span class=\"elementor-button-text\">En savoir plus<\/span>\n\t\t\t\t\t<\/span>\n\t\t\t\t\t<\/a>\n\t\t<\/div>\n\t\t\t\t<\/div>\n\t\t\t\t<\/div>\n\t\t\t\t<\/div>\n\t\t\t\t\t<\/div>\n\t\t\t\t<\/div>\n\t\t<div class=\"elementor-element elementor-element-a846c96 e-flex e-con-boxed e-con e-parent\" data-id=\"a846c96\" data-element_type=\"container\" data-settings=\"{&quot;background_background&quot;:&quot;classic&quot;}\">\n\t\t\t\t\t<div class=\"e-con-inner\">\n\t\t<div class=\"elementor-element elementor-element-9338733 e-con-full e-flex e-con e-child\" data-id=\"9338733\" data-element_type=\"container\">\n\t\t\t\t<div class=\"elementor-element elementor-element-4f95b8e elementor-widget elementor-widget-heading\" data-id=\"4f95b8e\" data-element_type=\"widget\" data-widget_type=\"heading.default\">\n\t\t\t\t<div class=\"elementor-widget-container\">\n\t\t\t<h2 class=\"elementor-heading-title elementor-size-default\">Une \u00e9quipe d\u00e9di\u00e9e \u00e0 vos besoins<\/h2>\t\t<\/div>\n\t\t\t\t<\/div>\n\t\t\t\t<div class=\"elementor-element elementor-element-8cdf6ca elementor-widget elementor-widget-text-editor\" data-id=\"8cdf6ca\" data-element_type=\"widget\" data-widget_type=\"text-editor.default\">\n\t\t\t\t<div class=\"elementor-widget-container\">\n\t\t\t\t\t\t\t<p>Nous avons une \u00e9quipe d\u00e9di\u00e9e pour vous accompagner dans le d\u00e9ploiement de Big Bro.\u00a0<\/p><p>Nos d\u00e9veloppeurs travaillent continuellement pour am\u00e9liorer l&#8217;outil et r\u00e9pondre \u00e0 vos besoins sp\u00e9cifiques en mati\u00e8re d&#8217;optimisation.<\/p>\t\t\t\t\t\t<\/div>\n\t\t\t\t<\/div>\n\t\t\t\t<div class=\"elementor-element elementor-element-0b427d9 elementor-align-left elementor-mobile-align-center elementor-widget elementor-widget-button\" data-id=\"0b427d9\" data-element_type=\"widget\" data-widget_type=\"button.default\">\n\t\t\t\t<div class=\"elementor-widget-container\">\n\t\t\t\t\t<div class=\"elementor-button-wrapper\">\n\t\t\t<a class=\"elementor-button elementor-button-link elementor-size-sm\" href=\"https:\/\/www.toundritech.com\/?page_id=21\">\n\t\t\t\t\t\t<span class=\"elementor-button-content-wrapper\">\n\t\t\t\t\t\t\t\t\t<span class=\"elementor-button-text\">demandez une d\u00e9mo<\/span>\n\t\t\t\t\t<\/span>\n\t\t\t\t\t<\/a>\n\t\t<\/div>\n\t\t\t\t<\/div>\n\t\t\t\t<\/div>\n\t\t\t\t<\/div>\n\t\t<div class=\"elementor-element elementor-element-153ccab e-con-full e-flex e-con e-child\" data-id=\"153ccab\" data-element_type=\"container\">\n\t\t\t\t<div class=\"elementor-element elementor-element-aafd525 elementor-widget elementor-widget-image\" data-id=\"aafd525\" data-element_type=\"widget\" data-widget_type=\"image.default\">\n\t\t\t\t<div class=\"elementor-widget-container\">\n\t\t\t\t\t\t\t\t\t\t\t\t\t<img decoding=\"async\" width=\"800\" height=\"800\" src=\"https:\/\/www.toundritech.com\/wp-content\/uploads\/2024\/09\/TOUNDRITECH-TEAM-5-1024x1024.png\" class=\"attachment-large size-large wp-image-126\" alt=\"\" srcset=\"https:\/\/www.toundritech.com\/wp-content\/uploads\/2024\/09\/TOUNDRITECH-TEAM-5-1024x1024.png 1024w, https:\/\/www.toundritech.com\/wp-content\/uploads\/2024\/09\/TOUNDRITECH-TEAM-5-300x300.png 300w, https:\/\/www.toundritech.com\/wp-content\/uploads\/2024\/09\/TOUNDRITECH-TEAM-5-150x150.png 150w, https:\/\/www.toundritech.com\/wp-content\/uploads\/2024\/09\/TOUNDRITECH-TEAM-5-768x768.png 768w, https:\/\/www.toundritech.com\/wp-content\/uploads\/2024\/09\/TOUNDRITECH-TEAM-5-600x600.png 600w, https:\/\/www.toundritech.com\/wp-content\/uploads\/2024\/09\/TOUNDRITECH-TEAM-5.png 1080w\" sizes=\"(max-width: 800px) 100vw, 800px\" \/>\t\t\t\t\t\t\t\t\t\t\t\t\t<\/div>\n\t\t\t\t<\/div>\n\t\t\t\t<\/div>\n\t\t\t\t\t<\/div>\n\t\t\t\t<\/div>\n\t\t\t\t<\/div>\n\t\t","protected":false},"excerpt":{"rendered":"<p>D\u00e9velopp\u00e9 par un DMC pour les DMCs Big Bro, la solution tout-en-un pour la gestion de vos voyages Demander une d\u00e9mo pr\u00e9sentation de big bro Comment Big Bro optimise la gestion de vos ventes ? G\u00e9rer la tarification et les op\u00e9rations depuis une seule interface est essentiel pour atteindre un niveau sup\u00e9rieur de revenus. Big [&hellip;]<\/p>\n","protected":false},"author":1,"featured_media":0,"parent":0,"menu_order":0,"comment_status":"closed","ping_status":"open","template":"elementor_header_footer","meta":{"footnotes":""},"class_list":["post-2","page","type-page","status-publish","hentry"],"featured_image_src":null,"featured_image_src_square":null,"_links":{"self":[{"href":"https:\/\/www.toundritech.com\/index.php?rest_route=\/wp\/v2\/pages\/2","targetHints":{"allow":["GET"]}}],"collection":[{"href":"https:\/\/www.toundritech.com\/index.php?rest_route=\/wp\/v2\/pages"}],"about":[{"href":"https:\/\/www.toundritech.com\/index.php?rest_route=\/wp\/v2\/types\/page"}],"author":[{"embeddable":true,"href":"https:\/\/www.toundritech.com\/index.php?rest_route=\/wp\/v2\/users\/1"}],"replies":[{"embeddable":true,"href":"https:\/\/www.toundritech.com\/index.php?rest_route=%2Fwp%2Fv2%2Fcomments&post=2"}],"version-history":[{"count":0,"href":"https:\/\/www.toundritech.com\/index.php?rest_route=\/wp\/v2\/pages\/2\/revisions"}],"wp:attachment":[{"href":"https:\/\/www.toundritech.com\/index.php?rest_route=%2Fwp%2Fv2%2Fmedia&parent=2"}],"curies":[{"name":"wp","href":"https:\/\/api.w.org\/{rel}","templated":true}]}}