{"id":49,"date":"2024-05-23T16:12:09","date_gmt":"2024-05-23T16:12:09","guid":{"rendered":"https:\/\/toundritech.wpenginepowered.com\/?page_id=49"},"modified":"2024-09-06T18:55:18","modified_gmt":"2024-09-06T18:55:18","slug":"lhistoire-de-big-bro","status":"publish","type":"page","link":"https:\/\/www.toundritech.com\/?page_id=49","title":{"rendered":"L&#8217;histoire de Big Bro"},"content":{"rendered":"\t\t<div data-elementor-type=\"wp-page\" data-elementor-id=\"49\" class=\"elementor elementor-49\" data-elementor-post-type=\"page\">\n\t\t\t\t<div class=\"elementor-element elementor-element-0a662fb e-flex e-con-boxed e-con e-parent\" data-id=\"0a662fb\" data-element_type=\"container\">\n\t\t\t\t\t<div class=\"e-con-inner\">\n\t\t<div class=\"elementor-element elementor-element-f0329d2 e-con-full e-flex e-con e-child\" data-id=\"f0329d2\" data-element_type=\"container\">\n\t\t\t\t<div class=\"elementor-element elementor-element-4834b7f elementor-widget elementor-widget-heading\" data-id=\"4834b7f\" data-element_type=\"widget\" data-widget_type=\"heading.default\">\n\t\t\t\t<div class=\"elementor-widget-container\">\n\t\t\t<h2 class=\"elementor-heading-title elementor-size-default\">\"Le voyage \u00e0 la carte est le voyage ultime\"<\/h2>\t\t<\/div>\n\t\t\t\t<\/div>\n\t\t\t\t<div class=\"elementor-element elementor-element-93695a5 elementor-widget elementor-widget-text-editor\" data-id=\"93695a5\" data-element_type=\"widget\" data-widget_type=\"text-editor.default\">\n\t\t\t\t<div class=\"elementor-widget-container\">\n\t\t\t\t\t\t\t<p>Sa conception exige une <strong>grande complexit\u00e9 organisationnelle<\/strong>. Tout est personnalis\u00e9 pour chaque client : l\u2019itin\u00e9raire, la composition du groupe de voyageurs, les \u00e2ges, les occupations de chambre, les demandes sp\u00e9ciales, les adaptations selon les budgets et les contraintes, les activit\u00e9s sur mesure. Tout est \u00e0 recommencer chaque fois pour chaque client.<\/p>\t\t\t\t\t\t<\/div>\n\t\t\t\t<\/div>\n\t\t\t\t<\/div>\n\t\t<div class=\"elementor-element elementor-element-3b9c6f6 e-con-full e-flex e-con e-child\" data-id=\"3b9c6f6\" data-element_type=\"container\">\n\t\t\t\t<div class=\"elementor-element elementor-element-6898be9 elementor-widget elementor-widget-image\" data-id=\"6898be9\" data-element_type=\"widget\" data-widget_type=\"image.default\">\n\t\t\t\t<div class=\"elementor-widget-container\">\n\t\t\t\t\t\t\t\t\t\t\t\t\t<img fetchpriority=\"high\" decoding=\"async\" width=\"800\" height=\"800\" src=\"https:\/\/www.toundritech.com\/wp-content\/uploads\/2024\/05\/TOUNDRITECH-Le-Voyage-1024x1024.png\" class=\"attachment-large size-large wp-image-59\" alt=\"\" srcset=\"https:\/\/www.toundritech.com\/wp-content\/uploads\/2024\/05\/TOUNDRITECH-Le-Voyage-1024x1024.png 1024w, https:\/\/www.toundritech.com\/wp-content\/uploads\/2024\/05\/TOUNDRITECH-Le-Voyage-300x300.png 300w, https:\/\/www.toundritech.com\/wp-content\/uploads\/2024\/05\/TOUNDRITECH-Le-Voyage-150x150.png 150w, https:\/\/www.toundritech.com\/wp-content\/uploads\/2024\/05\/TOUNDRITECH-Le-Voyage-768x768.png 768w, https:\/\/www.toundritech.com\/wp-content\/uploads\/2024\/05\/TOUNDRITECH-Le-Voyage-600x600.png 600w, https:\/\/www.toundritech.com\/wp-content\/uploads\/2024\/05\/TOUNDRITECH-Le-Voyage.png 1080w\" sizes=\"(max-width: 800px) 100vw, 800px\" \/>\t\t\t\t\t\t\t\t\t\t\t\t\t<\/div>\n\t\t\t\t<\/div>\n\t\t\t\t<\/div>\n\t\t\t\t\t<\/div>\n\t\t\t\t<\/div>\n\t\t<div class=\"elementor-element elementor-element-101fd9a e-flex e-con-boxed e-con e-parent\" data-id=\"101fd9a\" data-element_type=\"container\" data-settings=\"{&quot;background_background&quot;:&quot;classic&quot;}\">\n\t\t\t\t\t<div class=\"e-con-inner\">\n\t\t<div class=\"elementor-element elementor-element-3140e8b e-con-full e-flex e-con e-child\" data-id=\"3140e8b\" data-element_type=\"container\">\n\t\t\t\t<div class=\"elementor-element elementor-element-cf39eef elementor-widget elementor-widget-image\" data-id=\"cf39eef\" data-element_type=\"widget\" data-widget_type=\"image.default\">\n\t\t\t\t<div class=\"elementor-widget-container\">\n\t\t\t\t\t\t\t\t\t\t\t\t\t<img decoding=\"async\" width=\"800\" height=\"800\" src=\"https:\/\/www.toundritech.com\/wp-content\/uploads\/2024\/09\/TOUNDRITECH-BIGBRO-BIRTH-1-1024x1024.png\" class=\"attachment-large size-large wp-image-92\" alt=\"\" srcset=\"https:\/\/www.toundritech.com\/wp-content\/uploads\/2024\/09\/TOUNDRITECH-BIGBRO-BIRTH-1-1024x1024.png 1024w, https:\/\/www.toundritech.com\/wp-content\/uploads\/2024\/09\/TOUNDRITECH-BIGBRO-BIRTH-1-300x300.png 300w, https:\/\/www.toundritech.com\/wp-content\/uploads\/2024\/09\/TOUNDRITECH-BIGBRO-BIRTH-1-150x150.png 150w, https:\/\/www.toundritech.com\/wp-content\/uploads\/2024\/09\/TOUNDRITECH-BIGBRO-BIRTH-1-768x768.png 768w, https:\/\/www.toundritech.com\/wp-content\/uploads\/2024\/09\/TOUNDRITECH-BIGBRO-BIRTH-1-600x600.png 600w, https:\/\/www.toundritech.com\/wp-content\/uploads\/2024\/09\/TOUNDRITECH-BIGBRO-BIRTH-1.png 1080w\" sizes=\"(max-width: 800px) 100vw, 800px\" \/>\t\t\t\t\t\t\t\t\t\t\t\t\t<\/div>\n\t\t\t\t<\/div>\n\t\t\t\t<\/div>\n\t\t<div class=\"elementor-element elementor-element-303acaa e-con-full e-flex e-con e-child\" data-id=\"303acaa\" data-element_type=\"container\">\n\t\t\t\t<div class=\"elementor-element elementor-element-ef16819 elementor-widget elementor-widget-heading\" data-id=\"ef16819\" data-element_type=\"widget\" data-widget_type=\"heading.default\">\n\t\t\t\t<div class=\"elementor-widget-container\">\n\t\t\t<h2 class=\"elementor-heading-title elementor-size-default\">La naissance de Big Bro Travel<\/h2>\t\t<\/div>\n\t\t\t\t<\/div>\n\t\t\t\t<div class=\"elementor-element elementor-element-83b764b elementor-widget elementor-widget-text-editor\" data-id=\"83b764b\" data-element_type=\"widget\" data-widget_type=\"text-editor.default\">\n\t\t\t\t<div class=\"elementor-widget-container\">\n\t\t\t\t\t\t\t<p>Le Groupe Toundrigo a construit au fil du temps un logiciel interne capable de contr\u00f4ler tous les param\u00eatres d\u2019un voyage sur mesure, de la vente \u00e0 la compta en passant par la r\u00e9sa, un genre de Big Brother maison. Ainsi est n\u00e9 Bigbrotravel.ca (Bigbro pour les intimes) !<\/p><p>Depuis maintenant 15 ans, des d\u00e9veloppeurs maison ont con\u00e7u et font \u00e9volu\u00e9 un logiciel unique sur le march\u00e9, <strong>cr\u00e9\u00e9 par un R\u00e9ceptif selon les vraies r\u00e8gles m\u00e9tiers et les besoins quotidiens du terrain<\/strong>, pouvant r\u00e9pondre \u00e0 toutes les exigences dans leur moindre d\u00e9tail.<\/p>\t\t\t\t\t\t<\/div>\n\t\t\t\t<\/div>\n\t\t\t\t<\/div>\n\t\t\t\t\t<\/div>\n\t\t\t\t<\/div>\n\t\t<div class=\"elementor-element elementor-element-975af04 e-flex e-con-boxed e-con e-parent\" data-id=\"975af04\" data-element_type=\"container\" data-settings=\"{&quot;background_background&quot;:&quot;classic&quot;}\">\n\t\t\t\t\t<div class=\"e-con-inner\">\n\t\t<div class=\"elementor-element elementor-element-ce0e744 e-con-full e-flex e-con e-child\" data-id=\"ce0e744\" data-element_type=\"container\">\n\t\t\t\t<div class=\"elementor-element elementor-element-9a4a0b8 elementor-widget elementor-widget-heading\" data-id=\"9a4a0b8\" data-element_type=\"widget\" data-widget_type=\"heading.default\">\n\t\t\t\t<div class=\"elementor-widget-container\">\n\t\t\t<h2 class=\"elementor-heading-title elementor-size-default\">Des centaines d'utilisateurs dans le monde<\/h2>\t\t<\/div>\n\t\t\t\t<\/div>\n\t\t\t\t<div class=\"elementor-element elementor-element-a6cfd1e elementor-widget elementor-widget-text-editor\" data-id=\"a6cfd1e\" data-element_type=\"widget\" data-widget_type=\"text-editor.default\">\n\t\t\t\t<div class=\"elementor-widget-container\">\n\t\t\t\t\t\t\t<p>Aujourd&#8217;hui Big Bro est utilis\u00e9 quotidiennement par les \u00e9quipes de vente et de r\u00e9sa de Toundra (notre marque FIT), mais aussi de nombreux clients professionnels connect\u00e9s \u00e0 travers le monde ! Car Bigbro est aussi <strong>une plateforme disponible en ligne d\u00e9di\u00e9e aux professionnels<\/strong>\u00a0pour \u00e9laborer leur voyage \u00e0 la carte.<\/p><p>Gr\u00e2ce \u00e0 des investissements de plusieurs millions de dollars dans la techno, Toundra Voyages est devenu un des chefs de file mondiaux des r\u00e9ceptifs FIT, sur mesure et \u00e0 la carte. Bigbro a permis aux \u00e9quipes de Toundra de d\u00e9velopper \u00e0 grande \u00e9chelle leur savoir-faire artisanal de voyagiste sur mesure.<\/p>\t\t\t\t\t\t<\/div>\n\t\t\t\t<\/div>\n\t\t\t\t<div class=\"elementor-element elementor-element-ab81b1b elementor-align-center elementor-widget elementor-widget-button\" data-id=\"ab81b1b\" data-element_type=\"widget\" data-widget_type=\"button.default\">\n\t\t\t\t<div class=\"elementor-widget-container\">\n\t\t\t\t\t<div class=\"elementor-button-wrapper\">\n\t\t\t<a class=\"elementor-button elementor-button-link elementor-size-sm\" href=\"https:\/\/www.toundritech.com\/?page_id=21\">\n\t\t\t\t\t\t<span class=\"elementor-button-content-wrapper\">\n\t\t\t\t\t\t\t\t\t<span class=\"elementor-button-text\">DEMANDER UNE D\u00e9MO GRATUITE<\/span>\n\t\t\t\t\t<\/span>\n\t\t\t\t\t<\/a>\n\t\t<\/div>\n\t\t\t\t<\/div>\n\t\t\t\t<\/div>\n\t\t\t\t<div class=\"elementor-element elementor-element-8cf2059 elementor-widget elementor-widget-image\" data-id=\"8cf2059\" data-element_type=\"widget\" data-widget_type=\"image.default\">\n\t\t\t\t<div class=\"elementor-widget-container\">\n\t\t\t\t\t\t\t\t\t\t\t\t\t<img decoding=\"async\" width=\"1080\" height=\"529\" src=\"https:\/\/www.toundritech.com\/wp-content\/uploads\/2024\/05\/TOUNDRITECH-Plateforme-BigBro-1.png\" class=\"attachment-full size-full wp-image-64\" alt=\"\" srcset=\"https:\/\/www.toundritech.com\/wp-content\/uploads\/2024\/05\/TOUNDRITECH-Plateforme-BigBro-1.png 1080w, https:\/\/www.toundritech.com\/wp-content\/uploads\/2024\/05\/TOUNDRITECH-Plateforme-BigBro-1-300x147.png 300w, https:\/\/www.toundritech.com\/wp-content\/uploads\/2024\/05\/TOUNDRITECH-Plateforme-BigBro-1-1024x502.png 1024w, https:\/\/www.toundritech.com\/wp-content\/uploads\/2024\/05\/TOUNDRITECH-Plateforme-BigBro-1-768x376.png 768w\" sizes=\"(max-width: 1080px) 100vw, 1080px\" \/>\t\t\t\t\t\t\t\t\t\t\t\t\t<\/div>\n\t\t\t\t<\/div>\n\t\t\t\t<\/div>\n\t\t\t\t\t<\/div>\n\t\t\t\t<\/div>\n\t\t\t\t<\/div>\n\t\t","protected":false},"excerpt":{"rendered":"<p>&#8220;Le voyage \u00e0 la carte est le voyage ultime&#8221; Sa conception exige une grande complexit\u00e9 organisationnelle. Tout est personnalis\u00e9 pour chaque client : l\u2019itin\u00e9raire, la composition du groupe de voyageurs, les \u00e2ges, les occupations de chambre, les demandes sp\u00e9ciales, les adaptations selon les budgets et les contraintes, les activit\u00e9s sur mesure. Tout est \u00e0 recommencer [&hellip;]<\/p>\n","protected":false},"author":2,"featured_media":0,"parent":0,"menu_order":0,"comment_status":"closed","ping_status":"closed","template":"","meta":{"footnotes":""},"class_list":["post-49","page","type-page","status-publish","hentry"],"featured_image_src":null,"featured_image_src_square":null,"_links":{"self":[{"href":"https:\/\/www.toundritech.com\/index.php?rest_route=\/wp\/v2\/pages\/49","targetHints":{"allow":["GET"]}}],"collection":[{"href":"https:\/\/www.toundritech.com\/index.php?rest_route=\/wp\/v2\/pages"}],"about":[{"href":"https:\/\/www.toundritech.com\/index.php?rest_route=\/wp\/v2\/types\/page"}],"author":[{"embeddable":true,"href":"https:\/\/www.toundritech.com\/index.php?rest_route=\/wp\/v2\/users\/2"}],"replies":[{"embeddable":true,"href":"https:\/\/www.toundritech.com\/index.php?rest_route=%2Fwp%2Fv2%2Fcomments&post=49"}],"version-history":[{"count":0,"href":"https:\/\/www.toundritech.com\/index.php?rest_route=\/wp\/v2\/pages\/49\/revisions"}],"wp:attachment":[{"href":"https:\/\/www.toundritech.com\/index.php?rest_route=%2Fwp%2Fv2%2Fmedia&parent=49"}],"curies":[{"name":"wp","href":"https:\/\/api.w.org\/{rel}","templated":true}]}}