{"id":93,"date":"2024-09-06T14:44:25","date_gmt":"2024-09-06T14:44:25","guid":{"rendered":"https:\/\/toundritech.wpenginepowered.com\/?page_id=93"},"modified":"2024-09-11T15:38:37","modified_gmt":"2024-09-11T15:38:37","slug":"qui-sommes-nous","status":"publish","type":"page","link":"https:\/\/www.toundritech.com\/?page_id=93","title":{"rendered":"Groupe Toundrigo"},"content":{"rendered":"\t\t<div data-elementor-type=\"wp-page\" data-elementor-id=\"93\" class=\"elementor elementor-93\" data-elementor-post-type=\"page\">\n\t\t\t\t<div class=\"elementor-element elementor-element-0a662fb e-flex e-con-boxed e-con e-parent\" data-id=\"0a662fb\" data-element_type=\"container\">\n\t\t\t\t\t<div class=\"e-con-inner\">\n\t\t<div class=\"elementor-element elementor-element-f0329d2 e-con-full e-flex e-con e-child\" data-id=\"f0329d2\" data-element_type=\"container\">\n\t\t\t\t<div class=\"elementor-element elementor-element-4834b7f elementor-widget elementor-widget-heading\" data-id=\"4834b7f\" data-element_type=\"widget\" data-widget_type=\"heading.default\">\n\t\t\t\t<div class=\"elementor-widget-container\">\n\t\t\t<h2 class=\"elementor-heading-title elementor-size-default\">Toundrigo, collectif de talents au service du voyage sur-mesure<\/h2>\t\t<\/div>\n\t\t\t\t<\/div>\n\t\t\t\t<div class=\"elementor-element elementor-element-93695a5 elementor-widget elementor-widget-text-editor\" data-id=\"93695a5\" data-element_type=\"widget\" data-widget_type=\"text-editor.default\">\n\t\t\t\t<div class=\"elementor-widget-container\">\n\t\t\t\t\t\t\t<p>Toundrigo, r\u00e9ceptif historique en Am\u00e9rique du Nord,\u00a0<strong>r\u00e9unit des experts du voyage<\/strong> sp\u00e9cialis\u00e9s dans divers domaines pour offrir une gamme compl\u00e8te de services sur mesure. De l&#8217;individuel au groupe, en passant par le MICE et l&#8217;aventure, chaque marque de notre collectif contribue \u00e0 faire de Toundrigo un leader du voyage personnalis\u00e9.<br \/><br \/>Plus d&#8217;infos sur <a href=\"https:\/\/www.toundrigo.com\">www.toundrigo.com<\/a><\/p>\t\t\t\t\t\t<\/div>\n\t\t\t\t<\/div>\n\t\t\t\t<\/div>\n\t\t\t\t<div class=\"elementor-element elementor-element-6898be9 elementor-widget elementor-widget-image\" data-id=\"6898be9\" data-element_type=\"widget\" data-widget_type=\"image.default\">\n\t\t\t\t<div class=\"elementor-widget-container\">\n\t\t\t\t\t\t\t\t\t\t\t\t\t<img fetchpriority=\"high\" decoding=\"async\" width=\"800\" height=\"800\" src=\"https:\/\/www.toundritech.com\/wp-content\/uploads\/2024\/09\/TOUNDRIGO-VOYAGE-SUR-MESURE-2-1024x1024.png\" class=\"attachment-large size-large wp-image-105\" alt=\"\" srcset=\"https:\/\/www.toundritech.com\/wp-content\/uploads\/2024\/09\/TOUNDRIGO-VOYAGE-SUR-MESURE-2-1024x1024.png 1024w, https:\/\/www.toundritech.com\/wp-content\/uploads\/2024\/09\/TOUNDRIGO-VOYAGE-SUR-MESURE-2-300x300.png 300w, https:\/\/www.toundritech.com\/wp-content\/uploads\/2024\/09\/TOUNDRIGO-VOYAGE-SUR-MESURE-2-150x150.png 150w, https:\/\/www.toundritech.com\/wp-content\/uploads\/2024\/09\/TOUNDRIGO-VOYAGE-SUR-MESURE-2-768x768.png 768w, https:\/\/www.toundritech.com\/wp-content\/uploads\/2024\/09\/TOUNDRIGO-VOYAGE-SUR-MESURE-2-600x600.png 600w, https:\/\/www.toundritech.com\/wp-content\/uploads\/2024\/09\/TOUNDRIGO-VOYAGE-SUR-MESURE-2.png 1080w\" sizes=\"(max-width: 800px) 100vw, 800px\" \/>\t\t\t\t\t\t\t\t\t\t\t\t\t<\/div>\n\t\t\t\t<\/div>\n\t\t\t\t\t<\/div>\n\t\t\t\t<\/div>\n\t\t<div class=\"elementor-element elementor-element-101fd9a e-flex e-con-boxed e-con e-parent\" data-id=\"101fd9a\" data-element_type=\"container\" data-settings=\"{&quot;background_background&quot;:&quot;classic&quot;}\">\n\t\t\t\t\t<div class=\"e-con-inner\">\n\t\t<div class=\"elementor-element elementor-element-303acaa e-con-full e-flex e-con e-child\" data-id=\"303acaa\" data-element_type=\"container\">\n\t\t\t\t<div class=\"elementor-element elementor-element-ef16819 elementor-widget elementor-widget-heading\" data-id=\"ef16819\" data-element_type=\"widget\" data-widget_type=\"heading.default\">\n\t\t\t\t<div class=\"elementor-widget-container\">\n\t\t\t<h2 class=\"elementor-heading-title elementor-size-default\">Une expertise multidimensionnelle<\/h2>\t\t<\/div>\n\t\t\t\t<\/div>\n\t\t\t\t<div class=\"elementor-element elementor-element-83b764b elementor-widget elementor-widget-text-editor\" data-id=\"83b764b\" data-element_type=\"widget\" data-widget_type=\"text-editor.default\">\n\t\t\t\t<div class=\"elementor-widget-container\">\n\t\t\t\t\t\t\t<p>Acteur incontournable du voyage en Am\u00e9rique du Nord, Toundrigo regroupe plusieurs marques sp\u00e9cialis\u00e9es, chacune experte dans son domaine. Notre force r\u00e9side dans notre capacit\u00e9 \u00e0 <strong>ma\u00eetriser les rouages du voyage sur mesure<\/strong> \u00e0 tous les niveaux.<\/p>\t\t\t\t\t\t<\/div>\n\t\t\t\t<\/div>\n\t\t\t\t<\/div>\n\t\t\t\t\t<\/div>\n\t\t\t\t<\/div>\n\t\t<div class=\"elementor-element elementor-element-14970f5 e-flex e-con-boxed e-con e-parent\" data-id=\"14970f5\" data-element_type=\"container\" data-settings=\"{&quot;background_background&quot;:&quot;classic&quot;}\">\n\t\t\t\t\t<div class=\"e-con-inner\">\n\t\t<div class=\"elementor-element elementor-element-1827e4d e-con-full e-flex e-con e-child\" data-id=\"1827e4d\" data-element_type=\"container\" data-settings=\"{&quot;background_background&quot;:&quot;classic&quot;}\">\n\t\t\t\t<div class=\"elementor-element elementor-element-115c944 elementor-widget elementor-widget-image\" data-id=\"115c944\" data-element_type=\"widget\" data-widget_type=\"image.default\">\n\t\t\t\t<div class=\"elementor-widget-container\">\n\t\t\t\t\t\t\t\t\t\t\t\t\t<img decoding=\"async\" width=\"600\" height=\"150\" src=\"https:\/\/www.toundritech.com\/wp-content\/uploads\/2024\/09\/TOUNDRIGO-Toundra.png\" class=\"attachment-large size-large wp-image-101\" alt=\"\" srcset=\"https:\/\/www.toundritech.com\/wp-content\/uploads\/2024\/09\/TOUNDRIGO-Toundra.png 600w, https:\/\/www.toundritech.com\/wp-content\/uploads\/2024\/09\/TOUNDRIGO-Toundra-300x75.png 300w\" sizes=\"(max-width: 600px) 100vw, 600px\" \/>\t\t\t\t\t\t\t\t\t\t\t\t\t<\/div>\n\t\t\t\t<\/div>\n\t\t\t\t<div class=\"elementor-element elementor-element-4850abe elementor-widget elementor-widget-text-editor\" data-id=\"4850abe\" data-element_type=\"widget\" data-widget_type=\"text-editor.default\">\n\t\t\t\t<div class=\"elementor-widget-container\">\n\t\t\t\t\t\t\t<p>R\u00e9ceptif FIT (depuis 1998), voyages sur mesure au Canada et aux \u00c9tats-Unis pour les voyageurs individuels<\/p>\t\t\t\t\t\t<\/div>\n\t\t\t\t<\/div>\n\t\t\t\t<\/div>\n\t\t<div class=\"elementor-element elementor-element-27d6963 e-con-full e-flex e-con e-child\" data-id=\"27d6963\" data-element_type=\"container\" data-settings=\"{&quot;background_background&quot;:&quot;classic&quot;}\">\n\t\t\t\t<div class=\"elementor-element elementor-element-d9835dd elementor-widget elementor-widget-image\" data-id=\"d9835dd\" data-element_type=\"widget\" data-widget_type=\"image.default\">\n\t\t\t\t<div class=\"elementor-widget-container\">\n\t\t\t\t\t\t\t\t\t\t\t\t\t<img decoding=\"async\" width=\"600\" height=\"150\" src=\"https:\/\/www.toundritech.com\/wp-content\/uploads\/2024\/09\/TOUNDRIGO-Windigo-Adventure.png\" class=\"attachment-large size-large wp-image-100\" alt=\"\" srcset=\"https:\/\/www.toundritech.com\/wp-content\/uploads\/2024\/09\/TOUNDRIGO-Windigo-Adventure.png 600w, https:\/\/www.toundritech.com\/wp-content\/uploads\/2024\/09\/TOUNDRIGO-Windigo-Adventure-300x75.png 300w\" sizes=\"(max-width: 600px) 100vw, 600px\" \/>\t\t\t\t\t\t\t\t\t\t\t\t\t<\/div>\n\t\t\t\t<\/div>\n\t\t\t\t<div class=\"elementor-element elementor-element-575cdb5 elementor-widget elementor-widget-text-editor\" data-id=\"575cdb5\" data-element_type=\"widget\" data-widget_type=\"text-editor.default\">\n\t\t\t\t<div class=\"elementor-widget-container\">\n\t\t\t\t\t\t\t<p>R\u00e9ceptif Aventures (depuis 1996), voyages en petits groupes et itin\u00e9raires exclusifs pour les passionn\u00e9s de nature<\/p>\t\t\t\t\t\t<\/div>\n\t\t\t\t<\/div>\n\t\t\t\t<\/div>\n\t\t<div class=\"elementor-element elementor-element-e2b4876 e-con-full e-flex e-con e-child\" data-id=\"e2b4876\" data-element_type=\"container\" data-settings=\"{&quot;background_background&quot;:&quot;classic&quot;}\">\n\t\t\t\t<div class=\"elementor-element elementor-element-1e88a3f elementor-widget elementor-widget-image\" data-id=\"1e88a3f\" data-element_type=\"widget\" data-widget_type=\"image.default\">\n\t\t\t\t<div class=\"elementor-widget-container\">\n\t\t\t\t\t\t\t\t\t\t\t\t\t<img loading=\"lazy\" decoding=\"async\" width=\"600\" height=\"150\" src=\"https:\/\/www.toundritech.com\/wp-content\/uploads\/2024\/09\/TOUNDRIGO-Receptour.png\" class=\"attachment-large size-large wp-image-99\" alt=\"\" srcset=\"https:\/\/www.toundritech.com\/wp-content\/uploads\/2024\/09\/TOUNDRIGO-Receptour.png 600w, https:\/\/www.toundritech.com\/wp-content\/uploads\/2024\/09\/TOUNDRIGO-Receptour-300x75.png 300w\" sizes=\"(max-width: 600px) 100vw, 600px\" \/>\t\t\t\t\t\t\t\t\t\t\t\t\t<\/div>\n\t\t\t\t<\/div>\n\t\t\t\t<div class=\"elementor-element elementor-element-f4354e1 elementor-widget elementor-widget-text-editor\" data-id=\"f4354e1\" data-element_type=\"widget\" data-widget_type=\"text-editor.default\">\n\t\t\t\t<div class=\"elementor-widget-container\">\n\t\t\t\t\t\t\t<p>R\u00e9ceptif Groupes (depuis 1977), voyages organis\u00e9s \u00e0 l\u2019international : groupes, petits groupes et d\u00e9parts garantis<\/p>\t\t\t\t\t\t<\/div>\n\t\t\t\t<\/div>\n\t\t\t\t<\/div>\n\t\t<div class=\"elementor-element elementor-element-cd51dd1 e-con-full e-flex e-con e-child\" data-id=\"cd51dd1\" data-element_type=\"container\" data-settings=\"{&quot;background_background&quot;:&quot;classic&quot;}\">\n\t\t\t\t<div class=\"elementor-element elementor-element-ac12274 elementor-widget elementor-widget-image\" data-id=\"ac12274\" data-element_type=\"widget\" data-widget_type=\"image.default\">\n\t\t\t\t<div class=\"elementor-widget-container\">\n\t\t\t\t\t\t\t\t\t\t\t\t\t<img loading=\"lazy\" decoding=\"async\" width=\"600\" height=\"150\" src=\"https:\/\/www.toundritech.com\/wp-content\/uploads\/2024\/09\/TOUNDRIGO-Think-Incentive.png\" class=\"attachment-large size-large wp-image-98\" alt=\"\" srcset=\"https:\/\/www.toundritech.com\/wp-content\/uploads\/2024\/09\/TOUNDRIGO-Think-Incentive.png 600w, https:\/\/www.toundritech.com\/wp-content\/uploads\/2024\/09\/TOUNDRIGO-Think-Incentive-300x75.png 300w\" sizes=\"(max-width: 600px) 100vw, 600px\" \/>\t\t\t\t\t\t\t\t\t\t\t\t\t<\/div>\n\t\t\t\t<\/div>\n\t\t\t\t<div class=\"elementor-element elementor-element-d7a8236 elementor-widget elementor-widget-text-editor\" data-id=\"d7a8236\" data-element_type=\"widget\" data-widget_type=\"text-editor.default\">\n\t\t\t\t<div class=\"elementor-widget-container\">\n\t\t\t\t\t\t\t<p>R\u00e9ceptif MICE (depuis 2009), pour les \u00e9v\u00e8nements, s\u00e9minaires, r\u00e9unions, congr\u00e9s ou voyage de r\u00e9compense<\/p>\t\t\t\t\t\t<\/div>\n\t\t\t\t<\/div>\n\t\t\t\t<\/div>\n\t\t\t\t\t<\/div>\n\t\t\t\t<\/div>\n\t\t<div class=\"elementor-element elementor-element-10f4b52 e-flex e-con-boxed e-con e-parent\" data-id=\"10f4b52\" data-element_type=\"container\">\n\t\t\t\t\t<div class=\"e-con-inner\">\n\t\t<div class=\"elementor-element elementor-element-6170290 e-con-full e-flex e-con e-child\" data-id=\"6170290\" data-element_type=\"container\">\n\t\t\t\t<div class=\"elementor-element elementor-element-9ce6378 elementor-widget elementor-widget-image\" data-id=\"9ce6378\" data-element_type=\"widget\" data-widget_type=\"image.default\">\n\t\t\t\t<div class=\"elementor-widget-container\">\n\t\t\t\t\t\t\t\t\t\t\t\t\t<img loading=\"lazy\" decoding=\"async\" width=\"800\" height=\"800\" src=\"https:\/\/www.toundritech.com\/wp-content\/uploads\/2024\/09\/TOUNDRIGO-INNOVATION-1024x1024.png\" class=\"attachment-large size-large wp-image-107\" alt=\"\" srcset=\"https:\/\/www.toundritech.com\/wp-content\/uploads\/2024\/09\/TOUNDRIGO-INNOVATION-1024x1024.png 1024w, https:\/\/www.toundritech.com\/wp-content\/uploads\/2024\/09\/TOUNDRIGO-INNOVATION-300x300.png 300w, https:\/\/www.toundritech.com\/wp-content\/uploads\/2024\/09\/TOUNDRIGO-INNOVATION-150x150.png 150w, https:\/\/www.toundritech.com\/wp-content\/uploads\/2024\/09\/TOUNDRIGO-INNOVATION-768x768.png 768w, https:\/\/www.toundritech.com\/wp-content\/uploads\/2024\/09\/TOUNDRIGO-INNOVATION-600x600.png 600w, https:\/\/www.toundritech.com\/wp-content\/uploads\/2024\/09\/TOUNDRIGO-INNOVATION.png 1080w\" sizes=\"(max-width: 800px) 100vw, 800px\" \/>\t\t\t\t\t\t\t\t\t\t\t\t\t<\/div>\n\t\t\t\t<\/div>\n\t\t\t\t<\/div>\n\t\t<div class=\"elementor-element elementor-element-5e12b66 e-con-full e-flex e-con e-child\" data-id=\"5e12b66\" data-element_type=\"container\">\n\t\t\t\t<div class=\"elementor-element elementor-element-d80bab2 elementor-widget elementor-widget-heading\" data-id=\"d80bab2\" data-element_type=\"widget\" data-widget_type=\"heading.default\">\n\t\t\t\t<div class=\"elementor-widget-container\">\n\t\t\t<h2 class=\"elementor-heading-title elementor-size-default\">En innovation constante<\/h2>\t\t<\/div>\n\t\t\t\t<\/div>\n\t\t\t\t<div class=\"elementor-element elementor-element-3bfc537 elementor-widget elementor-widget-text-editor\" data-id=\"3bfc537\" data-element_type=\"widget\" data-widget_type=\"text-editor.default\">\n\t\t\t\t<div class=\"elementor-widget-container\">\n\t\t\t\t\t\t\t<p>Chaque marque de <strong>Toundrigo<\/strong> apporte une expertise unique, mais c&#8217;est ensemble que nous cr\u00e9ons une offre compl\u00e8te et coh\u00e9rente. Dans ce sens, notre entit\u00e9 technologique ToundriTech est en constante r\u00e9fl\u00e9xion pour sans cesse am\u00e9liorer nos outils \u00e0 la recherche de l&#8217;excellence pour nos clients.<\/p>\t\t\t\t\t\t<\/div>\n\t\t\t\t<\/div>\n\t\t\t\t<div class=\"elementor-element elementor-element-b080af5 elementor-mobile-align-center elementor-widget elementor-widget-button\" data-id=\"b080af5\" data-element_type=\"widget\" data-widget_type=\"button.default\">\n\t\t\t\t<div class=\"elementor-widget-container\">\n\t\t\t\t\t<div class=\"elementor-button-wrapper\">\n\t\t\t<a class=\"elementor-button elementor-button-link elementor-size-sm\" href=\"https:\/\/www.toundritech.com\/?page_id=102\">\n\t\t\t\t\t\t<span class=\"elementor-button-content-wrapper\">\n\t\t\t\t\t\t\t\t\t<span class=\"elementor-button-text\">en savoir plus<\/span>\n\t\t\t\t\t<\/span>\n\t\t\t\t\t<\/a>\n\t\t<\/div>\n\t\t\t\t<\/div>\n\t\t\t\t<\/div>\n\t\t\t\t<\/div>\n\t\t\t\t\t<\/div>\n\t\t\t\t<\/div>\n\t\t\t\t<\/div>\n\t\t","protected":false},"excerpt":{"rendered":"<p>Toundrigo, collectif de talents au service du voyage sur-mesure Toundrigo, r\u00e9ceptif historique en Am\u00e9rique du Nord,\u00a0r\u00e9unit des experts du voyage sp\u00e9cialis\u00e9s dans divers domaines pour offrir une gamme compl\u00e8te de services sur mesure. De l&#8217;individuel au groupe, en passant par le MICE et l&#8217;aventure, chaque marque de notre collectif contribue \u00e0 faire de Toundrigo un [&hellip;]<\/p>\n","protected":false},"author":2,"featured_media":0,"parent":0,"menu_order":0,"comment_status":"closed","ping_status":"closed","template":"","meta":{"footnotes":""},"class_list":["post-93","page","type-page","status-publish","hentry"],"featured_image_src":null,"featured_image_src_square":null,"_links":{"self":[{"href":"https:\/\/www.toundritech.com\/index.php?rest_route=\/wp\/v2\/pages\/93","targetHints":{"allow":["GET"]}}],"collection":[{"href":"https:\/\/www.toundritech.com\/index.php?rest_route=\/wp\/v2\/pages"}],"about":[{"href":"https:\/\/www.toundritech.com\/index.php?rest_route=\/wp\/v2\/types\/page"}],"author":[{"embeddable":true,"href":"https:\/\/www.toundritech.com\/index.php?rest_route=\/wp\/v2\/users\/2"}],"replies":[{"embeddable":true,"href":"https:\/\/www.toundritech.com\/index.php?rest_route=%2Fwp%2Fv2%2Fcomments&post=93"}],"version-history":[{"count":0,"href":"https:\/\/www.toundritech.com\/index.php?rest_route=\/wp\/v2\/pages\/93\/revisions"}],"wp:attachment":[{"href":"https:\/\/www.toundritech.com\/index.php?rest_route=%2Fwp%2Fv2%2Fmedia&parent=93"}],"curies":[{"name":"wp","href":"https:\/\/api.w.org\/{rel}","templated":true}]}}